{"id":122,"date":"2015-01-16T23:15:14","date_gmt":"2015-01-16T23:15:14","guid":{"rendered":"http:\/\/totaltheme.wpengine.com\/portfolio\/?page_id=62"},"modified":"2018-12-13T11:03:42","modified_gmt":"2018-12-13T13:03:42","slug":"services","status":"publish","type":"page","link":"https:\/\/www.edi-labs.com\/wp\/en\/services\/","title":{"rendered":"Services"},"content":{"rendered":"<div class=\"wpb-content-wrapper\"><div class=\"vc_row wpb_row vc_row-fluid\"><div class=\"wpb_column vc_column_container vc_col-sm-4\"><div class=\"vc_column-inner\"><div class=\"wpb_wrapper\"><div class=\"vcex-module vcex-icon-box clr vcex-icon-box-two animate-all-hover  vc_custom_1522614590336\" data-wpex-hover='{\"background\":\"#f4eee7\"}'><div class=\"vcex-icon-box-icon\" style=\"color:#ffab00;font-size:32px;\"><span class=\"vc_li vc_li-user\" aria-hidden=\"true\"><\/span><\/div><h2 class=\"vcex-icon-box-heading\" style=\"font-size:18px;\">Managed B2B &amp; EDI<\/h2><div class=\"vcex-icon-box-content clr\"><p>B2B and EDI process and infrastructure administration service. We integrate specialized \nknowledge into your operation so that you do not need to acquire or manage the complex and costly B2B componentes.<\/p>\n<\/div><\/div><\/div><\/div><\/div><div class=\"wpb_column vc_column_container vc_col-sm-4\"><div class=\"vc_column-inner\"><div class=\"wpb_wrapper\"><div class=\"vcex-module vcex-icon-box clr vcex-icon-box-two animate-all-hover  vc_custom_1522614823840\" data-wpex-hover='{\"background\":\"#f4eee7\"}'><div class=\"vcex-icon-box-icon\" style=\"color:#ffab00;font-size:32px;\"><span class=\"vc_li vc_li-settings\" aria-hidden=\"true\"><\/span><\/div><h2 class=\"vcex-icon-box-heading\" style=\"font-size:18px;\">API Management<\/h2><div class=\"vcex-icon-box-content clr\"><p>Management of mobile access to back-end applications. API-based connectivity, enabling \ninnovations through the provision of current systems, to keep your company\u2019s strategic data secure and under control.<\/p>\n<\/div><\/div><\/div><\/div><\/div><div class=\"wpb_column vc_column_container vc_col-sm-4\"><div class=\"vc_column-inner\"><div class=\"wpb_wrapper\"><div class=\"vcex-module vcex-icon-box clr vcex-icon-box-two animate-all-hover  vc_custom_1522615048013\" data-wpex-hover='{\"background\":\"#f4eee7\"}'><div class=\"vcex-icon-box-icon\" style=\"color:#ffab00;font-size:32px;\"><span class=\"vc_li vc_li-lock\" aria-hidden=\"true\"><\/span><\/div><h2 class=\"vcex-icon-box-heading\" style=\"font-size:18px;\">Secure File Transfer<\/h2><div class=\"vcex-icon-box-content clr\"><p>We transform the traditional <em>file transfer<\/em> into a powerful business facilitator, reducing costs and risks, improving compliance, efficiency and agility, speeding up&nbsp;<i>time to market<\/i>&nbsp;and opening doors to innovation, using mobile and cloud initiatives.<\/p>\n<\/div><\/div><\/div><\/div><\/div><\/div><div data-vc-full-width=\"true\" data-vc-full-width-init=\"false\" class=\"vc_row wpb_row vc_row-fluid vc_custom_1489787274185 wpex-vc_row-has-fill wpex-vc-row-stretched\"><div class=\"wpb_column vc_column_container vc_col-sm-6\"><div class=\"vc_column-inner\"><div class=\"wpb_wrapper\"><div class=\"vcex-module vcex-pricing\"><div class=\"vcex-pricing-header clr\" style=\"background:#d99200;color:#000000;font-size:24px;font-weight:600;letter-spacing:2px;border:0;\">Professional Services<\/div><div class=\"vcex-pricing-content clr\">\n<ul>\n<li>+20 years experience in the sector<\/li>\n<li>mastery of key technologies<\/li>\n<li>Axway<\/li>\n<li>IBM\/Sterling<\/li>\n<\/ul>\n<\/div><div class=\"vcex-pricing-button\" style=\"padding:25px;\"><a href=\"https:\/\/www.edi-labs.com\/wp\/en\/contact-3\/\" title=\"Pe\u00e7a uma cota\u00e7\u00e3o\" target=\"_blank\" class=\"theme-button flat\" data-wpex-hover='{\"background\":\"#a78b00\"}' style=\"background:#d99200;letter-spacing:1px;font-size:16px;padding:15px 30px;\">Ask for a quote<\/a><\/div><\/div><\/div><\/div><\/div><div class=\"wpb_column vc_column_container vc_col-sm-6\"><div class=\"vc_column-inner\"><div class=\"wpb_wrapper\"><div class=\"vcex-module vcex-pricing\"><div class=\"vcex-pricing-header clr\" style=\"background:#d99200;color:#000000;font-size:24px;font-weight:600;letter-spacing:2px;border:0;\">TRAININGS<\/div><div class=\"vcex-pricing-content clr\">\n<ul>\n<li>For administrators<\/li>\n<li>Users<\/li>\n<li>Operators<\/li>\n<li>Specific to your needs<\/li>\n<\/ul>\n<\/div><div class=\"vcex-pricing-button\" style=\"padding:25px;\"><a href=\"https:\/\/www.edi-labs.com\/wp\/en\/contact-3\/\" title=\"Pe\u00e7a uma cota\u00e7\u00e3o\" target=\"_blank\" class=\"theme-button flat\" data-wpex-hover='{\"background\":\"#a78b00\"}' style=\"background:#d99200;letter-spacing:1px;font-size:16px;padding:15px 30px;\">Ask for a quote<\/a><\/div><\/div><\/div><\/div><\/div><\/div><div class=\"vc_row-full-width vc_clearfix\"><\/div><div class=\"vc_row wpb_row vc_row-fluid vc_custom_1489787213468\"><div class=\"wpb_column vc_column_container vc_col-sm-4\"><div class=\"vc_column-inner\"><div class=\"wpb_wrapper\"><div class=\"vcex-module vcex-icon-box clr vcex-icon-box-two animate-all-hover  vc_custom_1522615890021\" data-wpex-hover='{\"background\":\"#f4eee7\"}'><div class=\"vcex-icon-box-icon\" style=\"color:#ffab00;font-size:32px;\"><span class=\"vc_li vc_li-params\" aria-hidden=\"true\"><\/span><\/div><h2 class=\"vcex-icon-box-heading\" style=\"font-size:18px;\">B2B Integration<\/h2><div class=\"vcex-icon-box-content clr\"><p>Monitor and control the flow of business data in a real-time safe way with an API-compatible \nEDI platform. Data transformation and mapping in the financial and mercantile industry \nstandards. Domain of the main standards CNAB, ANSI X12, Flat, XML.<\/p>\n<\/div><\/div><\/div><\/div><\/div><div class=\"wpb_column vc_column_container vc_col-sm-4\"><div class=\"vc_column-inner\"><div class=\"wpb_wrapper\"><div class=\"vcex-module vcex-icon-box clr vcex-icon-box-two animate-all-hover  vc_custom_1522615554363\" data-wpex-hover='{\"background\":\"#f4eee7\"}'><div class=\"vcex-icon-box-icon\" style=\"color:#ffab00;font-size:32px;\"><span class=\"vc_li vc_li-display\" aria-hidden=\"true\"><\/span><\/div><h2 class=\"vcex-icon-box-heading\" style=\"font-size:18px;\">Visibility and Portals<\/h2><div class=\"vcex-icon-box-content clr\"><p>Web applications for governance, visualization and real-time data monitoring. Tailor-made \nportals enabling approval flows, document changes, correlation and information reconciliation. Financial and market portals.<\/p>\n<\/div><\/div><\/div><\/div><\/div><div class=\"wpb_column vc_column_container vc_col-sm-4\"><div class=\"vc_column-inner\"><div class=\"wpb_wrapper\"><div class=\"vcex-module vcex-icon-box clr vcex-icon-box-two animate-all-hover  vc_custom_1522615833206\" data-wpex-hover='{\"background\":\"#f4eee7\"}'><div class=\"vcex-icon-box-icon\" style=\"color:#ffab00;font-size:32px;\"><span class=\"vc_li vc_li-cloud\" aria-hidden=\"true\"><\/span><\/div><h2 class=\"vcex-icon-box-heading\" style=\"font-size:18px;\">EDI Solutions in Cloud<\/h2><div class=\"vcex-icon-box-content clr\"><p>Leverage the financial gains of shared infrastructure with bespoke applications. Your company can easily exchange EDI documents and manage business partner relationships without the burden of installing and maintaining a dedicated infrastructure.<\/p>\n<\/div><\/div><\/div><\/div><\/div><\/div>\n<\/div>","protected":false},"excerpt":{"rendered":"B2B &amp; EDI GerenciadoServi\u00e7o de administra\u00e7\u00e3o de processos e infraestrutura B2B e EDI. Integramos \u00e0 sua opera\u00e7\u00e3o conhecimento especializado&nbsp;de modo que voc\u00ea n\u00e3o precisa adquirir ou administrar os complexos e custosos componentes B2B Gerenciamento de APIGerenciamento&nbsp; do acesso mobile \u00e0s&hellip;","protected":false},"author":1,"featured_media":0,"parent":0,"menu_order":0,"comment_status":"open","ping_status":"open","template":"","meta":{"om_disable_all_campaigns":false,"_monsterinsights_skip_tracking":false,"_monsterinsights_sitenote_active":false,"_monsterinsights_sitenote_note":"","_monsterinsights_sitenote_category":0,"_uf_show_specific_survey":0,"_uf_disable_surveys":false,"footnotes":""},"class_list":["post-122","page","type-page","status-publish","hentry","entry","no-media"],"aioseo_notices":[],"_links":{"self":[{"href":"https:\/\/www.edi-labs.com\/wp\/en\/wp-json\/wp\/v2\/pages\/122","targetHints":{"allow":["GET"]}}],"collection":[{"href":"https:\/\/www.edi-labs.com\/wp\/en\/wp-json\/wp\/v2\/pages"}],"about":[{"href":"https:\/\/www.edi-labs.com\/wp\/en\/wp-json\/wp\/v2\/types\/page"}],"author":[{"embeddable":true,"href":"https:\/\/www.edi-labs.com\/wp\/en\/wp-json\/wp\/v2\/users\/1"}],"replies":[{"embeddable":true,"href":"https:\/\/www.edi-labs.com\/wp\/en\/wp-json\/wp\/v2\/comments?post=122"}],"version-history":[{"count":16,"href":"https:\/\/www.edi-labs.com\/wp\/en\/wp-json\/wp\/v2\/pages\/122\/revisions"}],"predecessor-version":[{"id":444,"href":"https:\/\/www.edi-labs.com\/wp\/en\/wp-json\/wp\/v2\/pages\/122\/revisions\/444"}],"wp:attachment":[{"href":"https:\/\/www.edi-labs.com\/wp\/en\/wp-json\/wp\/v2\/media?parent=122"}],"curies":[{"name":"wp","href":"https:\/\/api.w.org\/{rel}","templated":true}]}}