{"id":120,"date":"2015-01-16T21:43:09","date_gmt":"2015-01-16T21:43:09","guid":{"rendered":"http:\/\/totaltheme.wpengine.com\/portfolio\/?page_id=40"},"modified":"2025-03-17T10:00:29","modified_gmt":"2025-03-17T13:00:29","slug":"portfolio","status":"publish","type":"page","link":"https:\/\/www.edi-labs.com\/wp\/en\/portfolio\/","title":{"rendered":"Solutions"},"content":{"rendered":"<div class=\"wpb-content-wrapper\"><div class=\"vc_row wpb_row vc_row-fluid\" style=\"margin-bottom: 0;padding-bottom: 0;\"><div class=\"wpb_column vc_column_container vc_col-sm-12\"><div class=\"vc_column-inner\"><div class=\"wpb_wrapper\"><div class=\"vcex-module vcex-portfolio-grid-wrap wpex-clr\"><ul class=\"vcex-portfolio-filter vcex-filter-links clr center\"><li class=\"active\"><a href=\"#\" data-filter=\"*\" class=\"theme-button minimal-border\"><span>All<\/span><\/a><\/li><li class=\"filter-cat-12\"><a href=\"#\" data-filter=\".cat-12\" class=\"theme-button minimal-border\">API<\/a><\/li><li class=\"filter-cat-25\"><a href=\"#\" data-filter=\".cat-25\" class=\"theme-button minimal-border\">B2B<\/a><\/li><li class=\"filter-cat-27\"><a href=\"#\" data-filter=\".cat-27\" class=\"theme-button minimal-border\">Cloud<\/a><\/li><li class=\"filter-cat-26\"><a href=\"#\" data-filter=\".cat-26\" class=\"theme-button minimal-border\">EDI<\/a><\/li><li class=\"filter-cat-13\"><a href=\"#\" data-filter=\".cat-13\" class=\"theme-button minimal-border\">Integration<\/a><\/li><li class=\"filter-cat-24\"><a href=\"#\" data-filter=\".cat-24\" class=\"theme-button minimal-border\">MFT<\/a><\/li><li class=\"filter-cat-14\"><a href=\"#\" data-filter=\".cat-14\" class=\"theme-button minimal-border\">Products<\/a><\/li><li class=\"filter-cat-15\"><a href=\"#\" data-filter=\".cat-15\" class=\"theme-button minimal-border\">Services<\/a><\/li><\/ul><div class=\"wpex-row vcex-portfolio-grid wpex-clr entries gap-30 vcex-isotope-grid\" data-layout-mode=\"fitRows\"><div class=\"portfolio-entry span_1_of_3 col col-1 vcex-isotope-entry post-1117 entry type-portfolio has-media tag-187 tag-189 tag-190 tag-184 tag-191 tag-183 tag-185 tag-22 tag-188 tag-192 tag-186 cat-24\"><div class=\"portfolio-entry-inner entry-inner wpex-clr\"><div class=\"portfolio-entry-media entry-media wpex-clr overlay-parent overlay-parent-plus-hover\"><a href=\"https:\/\/www.edi-labs.com\/wp\/en\/portfolio-item\/easyboarding-agilidade-e-autonomia-na-gestao-do-axway-securetransport\/\" title=\"EasyBoarding\" class=\"portfolio-entry-media-link\"><img fetchpriority=\"high\" decoding=\"async\" width=\"2240\" height=\"1260\" src=\"https:\/\/www.edi-labs.com\/wp\/wp-content\/uploads\/2025\/03\/EasyBoarding.jpg\" class=\"portfolio-entry-img\" alt=\"\" data-no-lazy=\"1\" \/>\n<span class=\"overlay-plus-hover overlay-hide theme-overlay\"><\/span><\/a><\/div><\/div><\/div><div class=\"portfolio-entry span_1_of_3 col col-2 vcex-isotope-entry post-366 entry type-portfolio has-media cat-25 cat-26 cat-13 cat-14\"><div class=\"portfolio-entry-inner entry-inner wpex-clr\"><div class=\"portfolio-entry-media entry-media wpex-clr overlay-parent overlay-parent-plus-hover\"><a href=\"https:\/\/www.edi-labs.com\/wp\/en\/portfolio-item\/b2bi-edi\/\" title=\"B2Bi &#038; EDI\" class=\"portfolio-entry-media-link\"><img decoding=\"async\" width=\"2240\" height=\"1260\" src=\"https:\/\/www.edi-labs.com\/wp\/wp-content\/uploads\/2018\/04\/B2Bi-EDI.jpg\" class=\"portfolio-entry-img\" alt=\"\" data-no-lazy=\"1\" \/>\n<span class=\"overlay-plus-hover overlay-hide theme-overlay\"><\/span><\/a><\/div><\/div><\/div><div class=\"portfolio-entry span_1_of_3 col col-3 vcex-isotope-entry post-321 entry type-portfolio has-media cat-12 cat-25 cat-14\"><div class=\"portfolio-entry-inner entry-inner wpex-clr\"><div class=\"portfolio-entry-media entry-media wpex-clr overlay-parent overlay-parent-plus-hover\"><a href=\"https:\/\/www.edi-labs.com\/wp\/en\/portfolio-item\/axway-sentinel\/\" title=\"Axway Sentinel\" class=\"portfolio-entry-media-link\"><img decoding=\"async\" width=\"2240\" height=\"1260\" src=\"https:\/\/www.edi-labs.com\/wp\/wp-content\/uploads\/2018\/04\/Analytics_-Sentinel.jpg\" class=\"portfolio-entry-img\" alt=\"\" data-no-lazy=\"1\" \/>\n<span class=\"overlay-plus-hover overlay-hide theme-overlay\"><\/span><\/a><\/div><\/div><\/div><div class=\"portfolio-entry span_1_of_3 col col-1 vcex-isotope-entry post-313 entry type-portfolio has-media cat-25 cat-24 cat-14\"><div class=\"portfolio-entry-inner entry-inner wpex-clr\"><div class=\"portfolio-entry-media entry-media wpex-clr overlay-parent overlay-parent-plus-hover\"><a href=\"https:\/\/www.edi-labs.com\/wp\/en\/portfolio-item\/axway-mft-gateway-securetransport\/\" title=\"Axway MFT Gateway: SecureTransport\" class=\"portfolio-entry-media-link\"><img loading=\"lazy\" decoding=\"async\" width=\"2240\" height=\"1260\" src=\"https:\/\/www.edi-labs.com\/wp\/wp-content\/uploads\/2018\/04\/MFT-GATEWAY-Securetransport.jpg\" class=\"portfolio-entry-img\" alt=\"\" data-no-lazy=\"1\" \/>\n<span class=\"overlay-plus-hover overlay-hide theme-overlay\"><\/span><\/a><\/div><\/div><\/div><div class=\"portfolio-entry span_1_of_3 col col-2 vcex-isotope-entry post-300 entry type-portfolio has-media tag-28 cat-12 cat-25 cat-13 cat-14\"><div class=\"portfolio-entry-inner entry-inner wpex-clr\"><div class=\"portfolio-entry-media entry-media wpex-clr overlay-parent overlay-parent-plus-hover\"><a href=\"https:\/\/www.edi-labs.com\/wp\/en\/portfolio-item\/axway-amplify-api-management\/\" title=\"Axway Amplify API Management\" class=\"portfolio-entry-media-link\"><img loading=\"lazy\" decoding=\"async\" width=\"2240\" height=\"1260\" src=\"https:\/\/www.edi-labs.com\/wp\/wp-content\/uploads\/2018\/04\/API-MANAGEMENT-1.jpg\" class=\"portfolio-entry-img\" alt=\"\" data-no-lazy=\"1\" \/>\n<span class=\"overlay-plus-hover overlay-hide theme-overlay\"><\/span><\/a><\/div><\/div><\/div><div class=\"portfolio-entry span_1_of_3 col col-3 vcex-isotope-entry post-146 entry type-portfolio has-media tag-23 tag-20 tag-19 tag-22 tag-18 tag-21 cat-27 cat-13 cat-24 cat-15\"><div class=\"portfolio-entry-inner entry-inner wpex-clr\"><div class=\"portfolio-entry-media entry-media wpex-clr overlay-parent overlay-parent-plus-hover\"><a href=\"https:\/\/www.edi-labs.com\/wp\/en\/portfolio-item\/into-the-woods\/\" title=\"Secure Data Transfer\" class=\"portfolio-entry-media-link\"><img loading=\"lazy\" decoding=\"async\" width=\"2240\" height=\"1260\" src=\"https:\/\/www.edi-labs.com\/wp\/wp-content\/uploads\/2015\/01\/Tranferencia-segura-de-dados.jpg\" class=\"portfolio-entry-img\" alt=\"\" data-no-lazy=\"1\" \/>\n<span class=\"overlay-plus-hover overlay-hide theme-overlay\"><\/span><\/a><\/div><\/div><\/div><div class=\"portfolio-entry span_1_of_3 col col-1 vcex-isotope-entry post-145 entry type-portfolio has-media cat-25 cat-27 cat-26 cat-13 cat-15\"><div class=\"portfolio-entry-inner entry-inner wpex-clr\"><div class=\"portfolio-entry-media entry-media wpex-clr overlay-parent overlay-parent-plus-hover\"><a href=\"https:\/\/www.edi-labs.com\/wp\/en\/portfolio-item\/orange-chair\/\" title=\"EDI and B2B Integration\" class=\"portfolio-entry-media-link\"><img loading=\"lazy\" decoding=\"async\" width=\"2240\" height=\"1260\" src=\"https:\/\/www.edi-labs.com\/wp\/wp-content\/uploads\/2015\/01\/EDI-E-Integracao-B2B.jpg\" class=\"portfolio-entry-img\" alt=\"\" data-no-lazy=\"1\" \/>\n<span class=\"overlay-plus-hover overlay-hide theme-overlay\"><\/span><\/a><\/div><\/div><\/div><div class=\"portfolio-entry span_1_of_3 col col-2 vcex-isotope-entry post-141 entry type-portfolio has-media cat-27 cat-13 cat-15\"><div class=\"portfolio-entry-inner entry-inner wpex-clr\"><div class=\"portfolio-entry-media entry-media wpex-clr overlay-parent overlay-parent-plus-hover\"><a href=\"https:\/\/www.edi-labs.com\/wp\/en\/portfolio-item\/everyone-on-deck\/\" title=\"Cloud-Based B2B Integration\" class=\"portfolio-entry-media-link\"><img loading=\"lazy\" decoding=\"async\" width=\"2240\" height=\"1260\" src=\"https:\/\/www.edi-labs.com\/wp\/wp-content\/uploads\/2015\/01\/Integracao-B2B-Baseada-em-Nuvem.jpg\" class=\"portfolio-entry-img\" alt=\"\" data-no-lazy=\"1\" \/>\n<span class=\"overlay-plus-hover overlay-hide theme-overlay\"><\/span><\/a><\/div><\/div><\/div><div class=\"portfolio-entry span_1_of_3 col col-3 vcex-isotope-entry post-140 entry type-portfolio has-media cat-12 cat-27 cat-13 cat-15\"><div class=\"portfolio-entry-inner entry-inner wpex-clr\"><div class=\"portfolio-entry-media entry-media wpex-clr overlay-parent overlay-parent-plus-hover\"><a href=\"https:\/\/www.edi-labs.com\/wp\/en\/portfolio-item\/grizzly-bear\/\" title=\"API Management\" class=\"portfolio-entry-media-link\"><img loading=\"lazy\" decoding=\"async\" width=\"2240\" height=\"1260\" src=\"https:\/\/www.edi-labs.com\/wp\/wp-content\/uploads\/2015\/01\/Gerenciamento-de-API.jpg\" class=\"portfolio-entry-img\" alt=\"\" data-no-lazy=\"1\" \/>\n<span class=\"overlay-plus-hover overlay-hide theme-overlay\"><\/span><\/a><\/div><\/div><\/div><div class=\"portfolio-entry span_1_of_3 col col-1 vcex-isotope-entry post-119 entry type-portfolio has-media cat-27 cat-26 cat-13\"><div class=\"portfolio-entry-inner entry-inner wpex-clr\"><div class=\"portfolio-entry-media entry-media wpex-clr overlay-parent overlay-parent-plus-hover\"><a href=\"https:\/\/www.edi-labs.com\/wp\/en\/portfolio-item\/sparkles\/\" title=\"Analytics and EDI Portals\" class=\"portfolio-entry-media-link\"><img loading=\"lazy\" decoding=\"async\" width=\"2240\" height=\"1260\" src=\"https:\/\/www.edi-labs.com\/wp\/wp-content\/uploads\/2018\/04\/Analytics-e-portais-EDI-1.jpg\" class=\"portfolio-entry-img\" alt=\"\" data-no-lazy=\"1\" \/>\n<span class=\"overlay-plus-hover overlay-hide theme-overlay\"><\/span><\/a><\/div><\/div><\/div><\/div><\/div><\/div><\/div><\/div><\/div><div class=\"vc_row wpb_row vc_row-fluid\"><div class=\"wpb_column vc_column_container vc_col-sm-12\"><div class=\"vc_column-inner\"><div class=\"wpb_wrapper\"><div class=\"vc_btn3-container vc_btn3-center vc_do_btn\" ><a class=\"vc_general vc_btn3 vc_btn3-size-lg vc_btn3-shape-rounded vc_btn3-style-modern vc_btn3-color-warning\" href=\"https:\/\/www.edi-labs.com\/wp\/en\/contact-3\/\" title=\"\">ENTRE EM CONTATO CONOSCO PARA SABER COMO PODEMOS AJUDAR<\/a><\/div><\/div><\/div><\/div><\/div>\n<\/div>","protected":false},"excerpt":{"rendered":"A previsibilidade \u00e9, nos neg\u00f3cios, um aspecto determinante nas estrat\u00e9gias de curto e longo prazo e no processo de tomada de decis\u00f5es. Quer seja nas vendas, no marketing, na \u00e1rea financeira ou operacional, quanto mais a previs\u00e3o se aproximar da&hellip;","protected":false},"author":1,"featured_media":0,"parent":0,"menu_order":0,"comment_status":"closed","ping_status":"closed","template":"","meta":{"om_disable_all_campaigns":false,"_monsterinsights_skip_tracking":false,"_monsterinsights_sitenote_active":false,"_monsterinsights_sitenote_note":"","_monsterinsights_sitenote_category":0,"_uf_show_specific_survey":0,"_uf_disable_surveys":false,"footnotes":""},"class_list":["post-120","page","type-page","status-publish","hentry","entry","no-media"],"aioseo_notices":[],"_links":{"self":[{"href":"https:\/\/www.edi-labs.com\/wp\/en\/wp-json\/wp\/v2\/pages\/120","targetHints":{"allow":["GET"]}}],"collection":[{"href":"https:\/\/www.edi-labs.com\/wp\/en\/wp-json\/wp\/v2\/pages"}],"about":[{"href":"https:\/\/www.edi-labs.com\/wp\/en\/wp-json\/wp\/v2\/types\/page"}],"author":[{"embeddable":true,"href":"https:\/\/www.edi-labs.com\/wp\/en\/wp-json\/wp\/v2\/users\/1"}],"replies":[{"embeddable":true,"href":"https:\/\/www.edi-labs.com\/wp\/en\/wp-json\/wp\/v2\/comments?post=120"}],"version-history":[{"count":4,"href":"https:\/\/www.edi-labs.com\/wp\/en\/wp-json\/wp\/v2\/pages\/120\/revisions"}],"predecessor-version":[{"id":1115,"href":"https:\/\/www.edi-labs.com\/wp\/en\/wp-json\/wp\/v2\/pages\/120\/revisions\/1115"}],"wp:attachment":[{"href":"https:\/\/www.edi-labs.com\/wp\/en\/wp-json\/wp\/v2\/media?parent=120"}],"curies":[{"name":"wp","href":"https:\/\/api.w.org\/{rel}","templated":true}]}}